{"id":1985,"date":"2024-09-10T13:39:04","date_gmt":"2024-09-10T13:39:04","guid":{"rendered":"https:\/\/joseselles.com\/blog\/"},"modified":"2024-12-13T09:04:39","modified_gmt":"2024-12-13T09:04:39","slug":"blog","status":"publish","type":"page","link":"https:\/\/joseselles.com\/en\/blog\/","title":{"rendered":"BLOG"},"content":{"rendered":"\t\t<div data-elementor-type=\"wp-page\" data-elementor-id=\"1985\" class=\"elementor elementor-1985 elementor-1262\" data-elementor-post-type=\"page\">\n\t\t\t\t<div class=\"elementor-element elementor-element-02222a0 e-flex e-con-boxed e-con e-parent\" data-id=\"02222a0\" data-element_type=\"container\" data-e-type=\"container\">\n\t\t\t\t\t<div class=\"e-con-inner\">\n\t\t\t\t<div class=\"elementor-element elementor-element-4811802 elementor-widget elementor-widget-heading\" data-id=\"4811802\" data-element_type=\"widget\" data-e-type=\"widget\" data-widget_type=\"heading.default\">\n\t\t\t\t<div class=\"elementor-widget-container\">\n\t\t\t\t\t<h2 class=\"elementor-heading-title elementor-size-default\">Blog<\/h2>\t\t\t\t<\/div>\n\t\t\t\t<\/div>\n\t\t\t\t\t<\/div>\n\t\t\t\t<\/div>\n\t\t<div class=\"elementor-element elementor-element-f504164 e-flex e-con-boxed e-con e-parent\" data-id=\"f504164\" data-element_type=\"container\" data-e-type=\"container\">\n\t\t\t\t\t<div class=\"e-con-inner\">\n\t\t\t\t<div class=\"elementor-element elementor-element-162c011 elementor-grid-3 elementor-grid-tablet-2 elementor-grid-mobile-1 elementor-posts--thumbnail-top elementor-card-shadow-yes elementor-posts__hover-gradient elementor-widget elementor-widget-posts\" data-id=\"162c011\" data-element_type=\"widget\" data-e-type=\"widget\" data-settings=\"{&quot;cards_columns&quot;:&quot;3&quot;,&quot;cards_columns_tablet&quot;:&quot;2&quot;,&quot;cards_columns_mobile&quot;:&quot;1&quot;,&quot;cards_row_gap&quot;:{&quot;unit&quot;:&quot;px&quot;,&quot;size&quot;:35,&quot;sizes&quot;:[]},&quot;cards_row_gap_tablet&quot;:{&quot;unit&quot;:&quot;px&quot;,&quot;size&quot;:&quot;&quot;,&quot;sizes&quot;:[]},&quot;cards_row_gap_mobile&quot;:{&quot;unit&quot;:&quot;px&quot;,&quot;size&quot;:&quot;&quot;,&quot;sizes&quot;:[]}}\" data-widget_type=\"posts.cards\">\n\t\t\t\t<div class=\"elementor-widget-container\">\n\t\t\t\t\t\t\t<div class=\"elementor-posts-container elementor-posts elementor-posts--skin-cards elementor-grid\" role=\"list\">\n\t\t\t\t<article class=\"elementor-post elementor-grid-item post-3066 post type-post status-publish format-standard has-post-thumbnail hentry category-sin-categorizar\" role=\"listitem\">\n\t\t\t<div class=\"elementor-post__card\">\n\t\t\t\t<a class=\"elementor-post__thumbnail__link\" href=\"https:\/\/joseselles.com\/en\/how-to-get-a-mortgage-in-mallorca-step-by-step\/\" tabindex=\"-1\" ><div class=\"elementor-post__thumbnail\"><img fetchpriority=\"high\" decoding=\"async\" width=\"300\" height=\"200\" src=\"https:\/\/joseselles.com\/wp-content\/uploads\/2026\/03\/como-conseguir-una-hipoteca-en-mallorca-paso-a-paso-300x200.jpg\" class=\"attachment-medium size-medium wp-image-3053\" alt=\"\u00bfQuieres saber c\u00f3mo conseguir una hipoteca en Mallorca paso a paso? En este art\u00edculo te lo explico. Asesor Hipotecario en Palma de Mallorca.\" srcset=\"https:\/\/joseselles.com\/wp-content\/uploads\/2026\/03\/como-conseguir-una-hipoteca-en-mallorca-paso-a-paso-300x200.jpg 300w, https:\/\/joseselles.com\/wp-content\/uploads\/2026\/03\/como-conseguir-una-hipoteca-en-mallorca-paso-a-paso-768x512.jpg 768w, https:\/\/joseselles.com\/wp-content\/uploads\/2026\/03\/como-conseguir-una-hipoteca-en-mallorca-paso-a-paso.jpg 1000w\" sizes=\"(max-width: 300px) 100vw, 300px\" \/><\/div><\/a>\n\t\t\t\t<div class=\"elementor-post__text\">\n\t\t\t\t<h3 class=\"elementor-post__title\">\n\t\t\t<a href=\"https:\/\/joseselles.com\/en\/how-to-get-a-mortgage-in-mallorca-step-by-step\/\" >\n\t\t\t\tHow to Get a Mortgage in Mallorca Step by Step\t\t\t<\/a>\n\t\t<\/h3>\n\t\t\t\t<\/div>\n\t\t\t\t\t<\/div>\n\t\t<\/article>\n\t\t\t\t<article class=\"elementor-post elementor-grid-item post-3000 post type-post status-publish format-standard has-post-thumbnail hentry category-sin-categorizar\" role=\"listitem\">\n\t\t\t<div class=\"elementor-post__card\">\n\t\t\t\t<a class=\"elementor-post__thumbnail__link\" href=\"https:\/\/joseselles.com\/en\/what-is-mortgage-subrogation-complete-guide\/\" tabindex=\"-1\" ><div class=\"elementor-post__thumbnail\"><img decoding=\"async\" width=\"300\" height=\"200\" src=\"https:\/\/joseselles.com\/wp-content\/uploads\/2026\/01\/que-es-subrogar-una-hipoteca-300x200.jpg\" class=\"attachment-medium size-medium wp-image-2992\" alt=\"Qu\u00e9 es subrogar una hipoteca: descubre c\u00f3mo cambiar tu hipoteca de banco o titular, ahorrar intereses, reducir cuota y cu\u00e1ndo conviene hacerlo paso a paso.\" srcset=\"https:\/\/joseselles.com\/wp-content\/uploads\/2026\/01\/que-es-subrogar-una-hipoteca-300x200.jpg 300w, https:\/\/joseselles.com\/wp-content\/uploads\/2026\/01\/que-es-subrogar-una-hipoteca-768x512.jpg 768w, https:\/\/joseselles.com\/wp-content\/uploads\/2026\/01\/que-es-subrogar-una-hipoteca.jpg 900w\" sizes=\"(max-width: 300px) 100vw, 300px\" \/><\/div><\/a>\n\t\t\t\t<div class=\"elementor-post__text\">\n\t\t\t\t<h3 class=\"elementor-post__title\">\n\t\t\t<a href=\"https:\/\/joseselles.com\/en\/what-is-mortgage-subrogation-complete-guide\/\" >\n\t\t\t\tWhat is Mortgage Subrogation? Complete Guide\t\t\t<\/a>\n\t\t<\/h3>\n\t\t\t\t<\/div>\n\t\t\t\t\t<\/div>\n\t\t<\/article>\n\t\t\t\t<article class=\"elementor-post elementor-grid-item post-2933 post type-post status-publish format-standard has-post-thumbnail hentry category-sin-categorizar\" role=\"listitem\">\n\t\t\t<div class=\"elementor-post__card\">\n\t\t\t\t<a class=\"elementor-post__thumbnail__link\" href=\"https:\/\/joseselles.com\/en\/what-does-a-mortgage-advisor-do-and-why-do-you-need-one\/\" tabindex=\"-1\" ><div class=\"elementor-post__thumbnail\"><img decoding=\"async\" width=\"300\" height=\"169\" src=\"https:\/\/joseselles.com\/wp-content\/uploads\/2025\/11\/que-hace-un-asesor-hipotecario-y-por-que-necesitas-uno-300x169.jpg\" class=\"attachment-medium size-medium wp-image-2925\" alt=\"\u00bfQuieres saber qu\u00e9 hace un asesor hipotecario y por qu\u00e9 necesitas uno? En este art\u00edculo te lo contamos.\" srcset=\"https:\/\/joseselles.com\/wp-content\/uploads\/2025\/11\/que-hace-un-asesor-hipotecario-y-por-que-necesitas-uno-300x169.jpg 300w, https:\/\/joseselles.com\/wp-content\/uploads\/2025\/11\/que-hace-un-asesor-hipotecario-y-por-que-necesitas-uno-1024x575.jpg 1024w, https:\/\/joseselles.com\/wp-content\/uploads\/2025\/11\/que-hace-un-asesor-hipotecario-y-por-que-necesitas-uno-768x431.jpg 768w, https:\/\/joseselles.com\/wp-content\/uploads\/2025\/11\/que-hace-un-asesor-hipotecario-y-por-que-necesitas-uno-1536x863.jpg 1536w, https:\/\/joseselles.com\/wp-content\/uploads\/2025\/11\/que-hace-un-asesor-hipotecario-y-por-que-necesitas-uno.jpg 1919w\" sizes=\"(max-width: 300px) 100vw, 300px\" \/><\/div><\/a>\n\t\t\t\t<div class=\"elementor-post__text\">\n\t\t\t\t<h3 class=\"elementor-post__title\">\n\t\t\t<a href=\"https:\/\/joseselles.com\/en\/what-does-a-mortgage-advisor-do-and-why-do-you-need-one\/\" >\n\t\t\t\tWhat Does a Mortgage Advisor Do and Why Do You Need One?\t\t\t<\/a>\n\t\t<\/h3>\n\t\t\t\t<\/div>\n\t\t\t\t\t<\/div>\n\t\t<\/article>\n\t\t\t\t<article class=\"elementor-post elementor-grid-item post-2782 post type-post status-publish format-standard has-post-thumbnail hentry category-sin-categorizar\" role=\"listitem\">\n\t\t\t<div class=\"elementor-post__card\">\n\t\t\t\t<a class=\"elementor-post__thumbnail__link\" href=\"https:\/\/joseselles.com\/en\/whats-wrong-with-reverse-mortgages-complete-professional-guide-2025\/\" tabindex=\"-1\" ><div class=\"elementor-post__thumbnail\"><img loading=\"lazy\" decoding=\"async\" width=\"300\" height=\"201\" src=\"https:\/\/joseselles.com\/wp-content\/uploads\/2025\/07\/Que-es-lo-malo-de-la-hipoteca-inversa-300x201.jpg\" class=\"attachment-medium size-medium wp-image-2788\" alt=\"\u00bfSabes realmente qu\u00e9 es lo malo de la hipoteca inversa? Te contamos riesgos ocultos, alternativas y consejos expertos para proteger tu patrimonio familiar.\" srcset=\"https:\/\/joseselles.com\/wp-content\/uploads\/2025\/07\/Que-es-lo-malo-de-la-hipoteca-inversa-300x201.jpg 300w, https:\/\/joseselles.com\/wp-content\/uploads\/2025\/07\/Que-es-lo-malo-de-la-hipoteca-inversa-1024x685.jpg 1024w, https:\/\/joseselles.com\/wp-content\/uploads\/2025\/07\/Que-es-lo-malo-de-la-hipoteca-inversa-768x514.jpg 768w, https:\/\/joseselles.com\/wp-content\/uploads\/2025\/07\/Que-es-lo-malo-de-la-hipoteca-inversa.jpg 1240w\" sizes=\"(max-width: 300px) 100vw, 300px\" \/><\/div><\/a>\n\t\t\t\t<div class=\"elementor-post__text\">\n\t\t\t\t<h3 class=\"elementor-post__title\">\n\t\t\t<a href=\"https:\/\/joseselles.com\/en\/whats-wrong-with-reverse-mortgages-complete-professional-guide-2025\/\" >\n\t\t\t\tWhat&#8217;s Wrong with Reverse Mortgages: Complete Professional Guide 2025\t\t\t<\/a>\n\t\t<\/h3>\n\t\t\t\t<\/div>\n\t\t\t\t\t<\/div>\n\t\t<\/article>\n\t\t\t\t<article class=\"elementor-post elementor-grid-item post-2747 post type-post status-publish format-standard has-post-thumbnail hentry category-sin-categorizar\" role=\"listitem\">\n\t\t\t<div class=\"elementor-post__card\">\n\t\t\t\t<a class=\"elementor-post__thumbnail__link\" href=\"https:\/\/joseselles.com\/en\/is-mortgage-life-insurance-mandatory\/\" tabindex=\"-1\" ><div class=\"elementor-post__thumbnail\"><img loading=\"lazy\" decoding=\"async\" width=\"300\" height=\"201\" src=\"https:\/\/joseselles.com\/wp-content\/uploads\/2025\/06\/es-obligatorio-el-seguro-de-vida-de-la-hipoteca-300x201.jpg\" class=\"attachment-medium size-medium wp-image-2686\" alt=\"\u00bfEs obligatorio el seguro de vida de la hipoteca? Descubre qu\u00e9 dice la Ley 5\/2019 sobre tus derechos. Decide de forma informada.\" srcset=\"https:\/\/joseselles.com\/wp-content\/uploads\/2025\/06\/es-obligatorio-el-seguro-de-vida-de-la-hipoteca-300x201.jpg 300w, https:\/\/joseselles.com\/wp-content\/uploads\/2025\/06\/es-obligatorio-el-seguro-de-vida-de-la-hipoteca-1024x685.jpg 1024w, https:\/\/joseselles.com\/wp-content\/uploads\/2025\/06\/es-obligatorio-el-seguro-de-vida-de-la-hipoteca-768x514.jpg 768w, https:\/\/joseselles.com\/wp-content\/uploads\/2025\/06\/es-obligatorio-el-seguro-de-vida-de-la-hipoteca.jpg 1240w\" sizes=\"(max-width: 300px) 100vw, 300px\" \/><\/div><\/a>\n\t\t\t\t<div class=\"elementor-post__text\">\n\t\t\t\t<h3 class=\"elementor-post__title\">\n\t\t\t<a href=\"https:\/\/joseselles.com\/en\/is-mortgage-life-insurance-mandatory\/\" >\n\t\t\t\tIs Mortgage Life Insurance Mandatory?\t\t\t<\/a>\n\t\t<\/h3>\n\t\t\t\t<\/div>\n\t\t\t\t\t<\/div>\n\t\t<\/article>\n\t\t\t\t<article class=\"elementor-post elementor-grid-item post-2626 post type-post status-publish format-standard has-post-thumbnail hentry category-sin-categorizar\" role=\"listitem\">\n\t\t\t<div class=\"elementor-post__card\">\n\t\t\t\t<a class=\"elementor-post__thumbnail__link\" href=\"https:\/\/joseselles.com\/en\/we-sponsored-the-running-wine-fest-2025-2\/\" tabindex=\"-1\" ><div class=\"elementor-post__thumbnail\"><img loading=\"lazy\" decoding=\"async\" width=\"300\" height=\"201\" src=\"https:\/\/joseselles.com\/wp-content\/uploads\/2024\/12\/asistimos-a-los-premios-cope-mallorca-2024-300x201.jpg\" class=\"attachment-medium size-medium wp-image-2634\" alt=\"Descubre c\u00f3mo fue nuestra experiencia en los Premios COPE Mallorca 2024 y conoce a los premiados de esta edici\u00f3n. Todos los detalles.\" srcset=\"https:\/\/joseselles.com\/wp-content\/uploads\/2024\/12\/asistimos-a-los-premios-cope-mallorca-2024-300x201.jpg 300w, https:\/\/joseselles.com\/wp-content\/uploads\/2024\/12\/asistimos-a-los-premios-cope-mallorca-2024-1024x685.jpg 1024w, https:\/\/joseselles.com\/wp-content\/uploads\/2024\/12\/asistimos-a-los-premios-cope-mallorca-2024-768x514.jpg 768w, https:\/\/joseselles.com\/wp-content\/uploads\/2024\/12\/asistimos-a-los-premios-cope-mallorca-2024.jpg 1240w\" sizes=\"(max-width: 300px) 100vw, 300px\" \/><\/div><\/a>\n\t\t\t\t<div class=\"elementor-post__text\">\n\t\t\t\t<h3 class=\"elementor-post__title\">\n\t\t\t<a href=\"https:\/\/joseselles.com\/en\/we-sponsored-the-running-wine-fest-2025-2\/\" >\n\t\t\t\tWe were present at the COPE Mallorca 2024 Awards: A real Luxury\t\t\t<\/a>\n\t\t<\/h3>\n\t\t\t\t<\/div>\n\t\t\t\t\t<\/div>\n\t\t<\/article>\n\t\t\t\t<\/div>\n\t\t\n\t\t\t\t\t\t<\/div>\n\t\t\t\t<\/div>\n\t\t\t\t\t<\/div>\n\t\t\t\t<\/div>\n\t\t\t\t<\/div>\n\t\t","protected":false},"excerpt":{"rendered":"<p>Blog<\/p>\n","protected":false},"author":1,"featured_media":0,"parent":0,"menu_order":0,"comment_status":"closed","ping_status":"closed","template":"","meta":{"_joinchat":[],"footnotes":""},"class_list":["post-1985","page","type-page","status-publish","hentry"],"_links":{"self":[{"href":"https:\/\/joseselles.com\/en\/wp-json\/wp\/v2\/pages\/1985","targetHints":{"allow":["GET"]}}],"collection":[{"href":"https:\/\/joseselles.com\/en\/wp-json\/wp\/v2\/pages"}],"about":[{"href":"https:\/\/joseselles.com\/en\/wp-json\/wp\/v2\/types\/page"}],"author":[{"embeddable":true,"href":"https:\/\/joseselles.com\/en\/wp-json\/wp\/v2\/users\/1"}],"replies":[{"embeddable":true,"href":"https:\/\/joseselles.com\/en\/wp-json\/wp\/v2\/comments?post=1985"}],"version-history":[{"count":1,"href":"https:\/\/joseselles.com\/en\/wp-json\/wp\/v2\/pages\/1985\/revisions"}],"predecessor-version":[{"id":1988,"href":"https:\/\/joseselles.com\/en\/wp-json\/wp\/v2\/pages\/1985\/revisions\/1988"}],"wp:attachment":[{"href":"https:\/\/joseselles.com\/en\/wp-json\/wp\/v2\/media?parent=1985"}],"curies":[{"name":"wp","href":"https:\/\/api.w.org\/{rel}","templated":true}]}}