{"id":2142,"date":"2024-09-27T07:52:34","date_gmt":"2024-09-27T07:52:34","guid":{"rendered":"https:\/\/joseselles.com\/rechtlicher-hinweis\/"},"modified":"2024-12-13T09:05:05","modified_gmt":"2024-12-13T09:05:05","slug":"rechtlicher-hinweis","status":"publish","type":"page","link":"https:\/\/joseselles.com\/de\/rechtlicher-hinweis\/","title":{"rendered":"Rechtlicher Hinweis"},"content":{"rendered":"\t\t<div data-elementor-type=\"wp-page\" data-elementor-id=\"2142\" class=\"elementor elementor-2142 elementor-1646\" data-elementor-post-type=\"page\">\n\t\t\t\t<div class=\"elementor-element elementor-element-210f91df e-con-full e-flex e-con e-parent\" data-id=\"210f91df\" data-element_type=\"container\" data-e-type=\"container\">\n\t\t\t\t<div class=\"elementor-element elementor-element-1e1a5253 elementor-widget elementor-widget-text-editor\" data-id=\"1e1a5253\" data-element_type=\"widget\" data-e-type=\"widget\" data-widget_type=\"text-editor.default\">\n\t\t\t\t<div class=\"elementor-widget-container\">\n\t\t\t\t\t\t\t\t\t<p><\/p>\n<p><strong>RECHTLICHER HINWEIS<\/strong><\/p>\n<p><\/p>\n<p><\/p>\n<p><em>Zuletzt aktualisiert:<\/em> <em>25 September 2024<\/em><\/p>\n<p><\/p>\n<p><\/p>\n<p><strong>1. die Eigent\u00fcmerschaft der Website<\/strong><\/p>\n<p><\/p>\n<p><\/p>\n<p>In Erf\u00fcllung der Informationspflicht gem\u00e4\u00df Artikel 10 des Gesetzes 34\/2002 \u00fcber die Dienste der Informationsgesellschaft und den elektronischen Handel informieren wir Sie hiermit \u00fcber die Identit\u00e4t und die Kontaktdaten des Inhabers der Website www.joseselles.com.<\/p>\n<p><\/p>\n<p><\/p>\n<p>Verantwortlicher f\u00fcr die Datenverarbeitung: JOSEP SELL\u00c9S SALV\u00c1 (im Folgenden der &#8222;Dienst&#8220;)<\/p>\n<p><\/p>\n<p><\/p>\n<p>Firmensitz: Av. del Gran i General Consell, 9, 1ro A, Distrito Centro, 07004 Palma, Balearische Inseln, Spanien.<\/p>\n<p><\/p>\n<p><\/p>\n<p>OVB Partner Nummer: 721573<\/p>\n<p><\/p>\n<p><\/p>\n<p>DNI: 43227698A<\/p>\n<p><\/p>\n<p><\/p>\n<p>Telefon: 660 845 921<\/p>\n<p><\/p>\n<p><\/p>\n<p>E-Mail: josep.selles@ovb.es<\/p>\n<p><\/p>\n<p><\/p>\n<p><strong>2.- Zweck und Anwendungsbereich<\/strong><\/p>\n<p><\/p>\n<p><\/p>\n<p>Dieser rechtliche Hinweis legt die allgemeinen Nutzungsbedingungen fest, die den Zugang, das Surfen und die Nutzung der Website www.joseselles.com regeln, sowie die Verantwortlichkeiten, die sich aus der Nutzung ihrer Inhalte ergeben.<\/p>\n<p><\/p>\n<p><\/p>\n<p>Die Website bietet Nutzern Zugang zu Informationen und Dienstleistungen, die f\u00fcr Personen oder Organisationen bereitgestellt werden, die daran interessiert sind, diese in Anspruch zu nehmen. Unter einem Nutzer ist jede Person zu verstehen, die auf die auf der Website entwickelten Dienste und Aktivit\u00e4ten zugreift, sie durchsucht, nutzt oder an ihnen teilnimmt. <\/p>\n<p><\/p>\n<p><\/p>\n<p>Der Service als Verantwortlicher f\u00fcr die Website verpflichtet sich, die auf nationaler und europ\u00e4ischer Ebene geltenden Vorschriften zum Schutz der personenbezogenen Daten der Nutzer einzuhalten und den Schutz und die Vertraulichkeit der uns zur Verf\u00fcgung gestellten personenbezogenen Daten gem\u00e4\u00df den Bestimmungen der Allgemeinen Verordnung (EU) 2016\/679 des Europ\u00e4ischen Parlaments und des Rates \u00fcber den Schutz personenbezogener Daten zu gew\u00e4hrleisten, vom 27. April 2016 (RGPD), des Organgesetzes 3\/2018 \u00fcber den Schutz personenbezogener Daten und die Gew\u00e4hrleistung digitaler Rechte (LOPDGDD) sowie des Gesetzes \u00fcber Dienstleistungen der Informationsgesellschaft und den elektronischen Handel 34\/2002 vom 11. Juli (LSSICE).<\/p>\n<p><\/p>\n<p><\/p>\n<p><strong>3.- Zugang und Nutzung der Website<\/strong><\/p>\n<p><\/p>\n<p><\/p>\n<p>Der Zugang zu dieser Website ist kostenlos, mit Ausnahme der Kosten f\u00fcr den Anschluss an das Telekommunikationsnetz, die von dem von jedem Nutzer beauftragten Betreiber bereitgestellt werden.<\/p>\n<p><\/p>\n<p><\/p>\n<p>Im Allgemeinen ist f\u00fcr den Zugang zu und die Nutzung der Website keine vorherige Anmeldung oder Registrierung durch die Nutzer erforderlich.<\/p>\n<p><\/p>\n<p><\/p>\n<p>Der Nutzer garantiert und ist in jedem Fall f\u00fcr die Richtigkeit, G\u00fcltigkeit und Authentizit\u00e4t der angegebenen pers\u00f6nlichen Daten verantwortlich und verpflichtet sich, diese ordnungsgem\u00e4\u00df auf dem neuesten Stand zu halten. Der Benutzer verpflichtet sich, vollst\u00e4ndige und korrekte Angaben im Kontakt- oder Abonnementformular zu machen. <\/p>\n<p><\/p>\n<p><\/p>\n<p>Bei Kindern unter dreizehn Jahren ist die Zustimmung der Eltern oder Erziehungsberechtigten f\u00fcr die Verarbeitung ihrer personenbezogenen Daten erforderlich.<\/p>\n<p><\/p>\n<p><\/p>\n<p>Unter keinen Umst\u00e4nden werden Daten, die sich auf die berufliche oder finanzielle Situation oder auf die Privatsph\u00e4re anderer Familienmitglieder beziehen, von Minderj\u00e4hrigen ohne deren Zustimmung erhoben. Wenn Sie unter dreizehn Jahre alt sind und auf diese Website zugegriffen haben, ohne Ihre Eltern zu informieren, sollten Sie sich nicht als Benutzer registrieren. <\/p>\n<p><\/p>\n<p><\/p>\n<p><strong>4.- Webinhalt<\/strong><\/p>\n<p><\/p>\n<p><\/p>\n<p>Die Website kann Links zu anderen Websites enthalten.<\/p>\n<p><\/p>\n<p><\/p>\n<p>Wir \u00fcben jedoch keine Kontrolle \u00fcber diese Websites oder ihre Inhalte aus, die in der Tat deren eigenen Bedingungen und Konditionen unterliegen. Wir stehen auch nicht mit ihnen in Verbindung und \u00fcbernehmen keine Verantwortung f\u00fcr sie, noch garantieren wir ihre technische Verf\u00fcgbarkeit, Qualit\u00e4t, Zuverl\u00e4ssigkeit, Genauigkeit oder Wahrhaftigkeit. <\/p>\n<p><\/p>\n<p><\/p>\n<p>Falls der Nutzer tats\u00e4chliche Kenntnis von der Rechtswidrigkeit von Aktivit\u00e4ten hat, die \u00fcber verlinkte Websites Dritter durchgef\u00fchrt werden, muss er den Dienst unverz\u00fcglich benachrichtigen, damit der Zugriffslink zu diesen Websites deaktiviert wird.<\/p>\n<p><\/p>\n<p><\/p>\n<p><strong>5.- Beschr\u00e4nkung der Haftung<\/strong><\/p>\n<p><\/p>\n<p><\/p>\n<p>Soweit gesetzlich zul\u00e4ssig, ist der Dienst nicht verantwortlich f\u00fcr: <strong>a)<\/strong> Fehler oder Auslassungen in den Inhalten; <strong>b)<\/strong> die mangelnde Verf\u00fcgbarkeit der Website oder <strong>c) die<\/strong> \u00dcbertragung von Schadsoftware in den Inhalten, obwohl er alle angemessenen technischen Ma\u00dfnahmen ergriffen hat, um dies zu verhindern.<\/p>\n<p><\/p>\n<p><\/p>\n<p><strong>6. die Verantwortung des Benutzers<\/strong><\/p>\n<p><\/p>\n<p><\/p>\n<p>In Bezug auf die Nutzung der Website garantiert der Nutzer, dass er vollj\u00e4hrig ist und \u00fcber die erforderliche Gesch\u00e4ftsf\u00e4higkeit verf\u00fcgt, um an diese Vereinbarung gebunden zu sein und die Website in \u00dcbereinstimmung mit ihren Bedingungen zu nutzen, die er vollst\u00e4ndig versteht und anerkennt.<\/p>\n<p><\/p>\n<p><\/p>\n<p>Dar\u00fcber hinaus versichern Sie, dass Sie die Zustimmung und\/oder gesetzliche Erlaubnis der Dritten haben, deren Daten und Fotos Sie \u00fcber die Website weitergeben, insbesondere im Falle von Minderj\u00e4hrigen.<\/p>\n<p><\/p>\n<p><\/p>\n<p>Sie erkl\u00e4ren, dass alle Informationen, die Sie vor und w\u00e4hrend der Nutzung des Dienstes zur Verf\u00fcgung stellen, wahrheitsgem\u00e4\u00df, vollst\u00e4ndig und genau sind, und dass Sie f\u00fcr alle falschen oder ungenauen Informationen, die Sie \u00fcber die Website zur Verf\u00fcgung stellen, sowie f\u00fcr alle direkten oder indirekten Sch\u00e4den, die dem Dienst dadurch entstehen k\u00f6nnen, verantwortlich sind.<\/p>\n<p><\/p>\n<p><\/p>\n<p>Sie verpflichten sich, keine Rechte an geistigem oder gewerblichem Eigentum zu verletzen, die sich aus den Inhalten der Website ergeben, und die Inhalte und Dienste der Website nicht f\u00fcr Aktivit\u00e4ten zu nutzen, die gegen das Gesetz, die Moral, die guten Sitten oder die \u00f6ffentliche Ordnung versto\u00dfen, unerlaubte, verbotene oder sch\u00e4dliche Zwecke verfolgen oder Auswirkungen auf die Rechte und Interessen Dritter haben.<\/p>\n<p><\/p>\n<p><\/p>\n<p><strong>7.- Verbotene Aktivit\u00e4ten<\/strong><\/p>\n<p><\/p>\n<p><\/p>\n<p>Sie verpflichten sich, keine der folgenden Handlungen vorzunehmen:<\/p>\n<p><\/p>\n<p><\/p>\n<p><br><strong>a) <\/strong>Auf Inhalte oder Informationen dieser Website zuzugreifen, sie zu \u00fcberwachen oder zu kopieren, indem Sie Roboter, Crawler, Data Scraper oder andere automatisierte Mittel einsetzen, um auf die Website oder ihre Inhalte zuzugreifen, sie zu crawlen, zu indizieren, abzurufen oder anderweitig zu nutzen, ohne die ausdr\u00fcckliche schriftliche Genehmigung des Dienstes;<br><br><\/p>\n<p><\/p>\n<p><\/p>\n<p><strong>b)<\/strong> ohne unsere vorherige schriftliche Genehmigung einen Teil dieser Website in eine andere Website einzubetten, zu spiegeln oder anderweitig zu integrieren;<\/p>\n<p><\/p>\n<p><\/p>\n<p><br><strong>c)<\/strong> zu versuchen, die vom Dienst in Verbindung mit der Website verwendete Software zu \u00e4ndern, zu \u00fcbersetzen, anzupassen, zu bearbeiten, zu dekompilieren, zu disassemblieren oder zur\u00fcckzuentwickeln;<\/p>\n<p><\/p>\n<p><\/p>\n<p><br><strong>d)<\/strong> die Website zu nutzen, um eine andere Person zu bedrohen, zu bel\u00e4stigen, zu betr\u00fcgen, aufzuhetzen, zu schikanieren, zu bel\u00e4stigen oder die Bel\u00e4stigung einer anderen Person zu bef\u00fcrworten oder die Nutzung der Website durch einen anderen Nutzer anderweitig zu beeintr\u00e4chtigen;<\/p>\n<p><\/p>\n<p><\/p>\n<p><br><strong>e) die<\/strong> Website zu nutzen, um Spam, Kettenbriefe, Wettbewerbe, Junk-Mails, Schneeballsysteme, Umfragen oder andere Massennachrichten zu versenden oder zu \u00fcbertragen, unabh\u00e4ngig davon, ob diese kommerzieller oder nichtkommerzieller Natur sind;<\/p>\n<p><\/p>\n<p><\/p>\n<p><br><strong>f) Die<\/strong> Nutzung der Website, um die Rechte Dritter zu verletzen, einschlie\u00dflich des Vertrauensbruchs und der Verletzung von Urheberrechten, Marken, Patenten, Gesch\u00e4ftsgeheimnissen, moralischen Rechten, Datenschutzrechten oder anderen Rechten an geistigem Eigentum oder Eigentumsrechten;<\/p>\n<p><\/p>\n<p><\/p>\n<p><br><strong>g) Der<\/strong> Versuch, sich durch Hacking, Passwort-Mining oder andere Mittel unbefugten Zugang zur Website, zu Computersystemen oder zu mit der Website verbundenen Netzwerken zu verschaffen. sowie die \u00dcbertragung von Computerviren, W\u00fcrmern, Defekten, Trojanischen Pferden oder anderen Elementen zerst\u00f6rerischer Natur; <\/p>\n<p><\/p>\n<p><\/p>\n<p><br><strong>h) <\/strong>Ger\u00e4te, Software oder Routinen zu verwenden, die das ordnungsgem\u00e4\u00dfe Funktionieren und die Sicherheitsma\u00dfnahmen der Website beeintr\u00e4chtigen.<\/p>\n<p><\/p>\n<p><\/p>\n<p><strong>8.- Plattforminhalte und Meinungsr\u00e4ume<\/strong><\/p>\n<p><\/p>\n<p><\/p>\n<p>Der Service bietet Feedback-Bereiche, die ebenfalls unter diesen rechtlichen Hinweis fallen.<\/p>\n<p><\/p>\n<p><\/p>\n<p>Als Nutzer des Dienstes sind Sie allein f\u00fcr die Nutzung dieser Nachrichten verantwortlich und nutzen sie auf eigenes Risiko. Der Dienst wird die auf der Website ver\u00f6ffentlichten oder verbreiteten Benutzernachrichten nicht bearbeiten oder \u00fcberwachen und \u00fcbernimmt keine Verantwortung oder Haftung f\u00fcr solche Benutzernachrichten, es sei denn, dies ist gesetzlich vorgeschrieben. <\/p>\n<p><\/p>\n<p><\/p>\n<p>Der Dienst beh\u00e4lt sich jedoch das Recht vor, Nachrichten und Benutzerinhalte zu entfernen. In diesen Diskussionsbereichen d\u00fcrfen Sie keine Inhalte ver\u00f6ffentlichen, die falsch, ungesetzlich, irref\u00fchrend, beleidigend, verleumderisch, obsz\u00f6n, pornografisch, unanst\u00e4ndig, bel\u00e4stigend, einsch\u00fcchternd, die Privatsph\u00e4re oder die \u00d6ffentlichkeitsrechte verletzend, missbr\u00e4uchlich oder betr\u00fcgerisch sind.<br>Als Nutzer des Dienstes versichern Sie, dass Sie Eigent\u00fcmer der auf dem Dienst geteilten Inhalte sind oder \u00fcber die erforderlichen Genehmigungen verf\u00fcgen, um diese wie oben beschrieben zu nutzen und die Nutzung zu genehmigen, insbesondere im Fall von professionellen Nutzern und den Inhalten, Materialien, Waren oder Dienstleistungen, die sie \u00fcber die Plattform bewerben. <\/p>\n<p><\/p>\n<p><\/p>\n<p>Bitte denken Sie in jedem Fall daran, dass Sie durch den Zugriff auf den Dienst oder dessen Nutzung mit Inhalten anderer Nutzer konfrontiert werden k\u00f6nnen, die m\u00f6glicherweise beleidigend, obsz\u00f6n, ungenau, anst\u00f6\u00dfig oder anderweitig unangemessen sind. Der Dienst macht sich solche Inhalte nicht zu eigen und kann nicht f\u00fcr deren Richtigkeit garantieren. <\/p>\n<p><\/p>\n<p><\/p>\n<p><br>Der Dienst beh\u00e4lt sich jedoch das Recht vor, Inhalte oder Informationen, die falsch sind oder die Rechte Dritter verletzen, nicht zu ver\u00f6ffentlichen und einen angemessenen Antwortkanal zur Verf\u00fcgung zu stellen.<\/p>\n<p><\/p>\n<p><\/p>\n<p><strong>9.- Benutzerinhalte<\/strong><\/p>\n<p><\/p>\n<p><\/p>\n<p>Sie k\u00f6nnen zum Service beitragen, indem Sie uns eine Nachricht an unsere E-Mail-Adresse und \u00fcber die auf der Website verf\u00fcgbaren Kontaktformulare senden (im Folgenden &#8222;Inhalt&#8220;).<\/p>\n<p><\/p>\n<p><\/p>\n<p>Wir k\u00f6nnen Ihre Inhalte auf verschiedene Weise nutzen, wie z.B.: Anzeige auf der Website, Neuformatierung, \u00dcbersetzung in andere Sprachen, Bearbeitung zur Verbesserung der Klarheit, Korrektur von Fehlern, Werbung oder Verbreitung, in \u00dcbereinstimmung mit der oben genannten Lizenz.<\/p>\n<p><\/p>\n<p><\/p>\n<p>Das bedeutet, dass die Inhalte Ihnen geh\u00f6ren, aber der Dienst im Rahmen dieser Lizenz berechtigt ist, die Inhalte weltweit mit allen bekannten Mitteln und f\u00fcr jeden rechtm\u00e4\u00dfigen Zweck zu nutzen, zu reproduzieren, zu modifizieren, zu adaptieren, zu \u00fcbersetzen, zu vertreiben, zu ver\u00f6ffentlichen, davon abgeleitete Werke zu erstellen, anzuzeigen und aufzuf\u00fchren; und <strong>(b)<\/strong> den Namen zu verwenden, den Sie in Verbindung mit den Inhalten angeben.<\/p>\n<p><\/p>\n<p><\/p>\n<p>Der Dienst beh\u00e4lt sich jedoch das Recht vor, keine Inhalte oder Informationen zu ver\u00f6ffentlichen, die falsch sind oder die Rechte Dritter verletzen.<\/p>\n<p><\/p>\n<p><\/p>\n<p><strong>10.- Geistiges und gewerbliches Eigentum<\/strong><\/p>\n<p><\/p>\n<p><\/p>\n<p>Die Inhalte und Informationen des Dienstes (einschlie\u00dflich, aber nicht beschr\u00e4nkt auf Marken, Logos, Daten, Texte, Bilder oder Computercode) sowie die Hardware oder Software, die zur Bereitstellung dieser Inhalte und Informationen verwendet werden, sind entweder Eigentum des Dienstes oder werden vom Dienst zur Nutzung lizenziert.<\/p>\n<p><\/p>\n<p><\/p>\n<p>Es werden keine geistigen oder gewerblichen Eigentumsrechte an der Website oder einem ihrer Bestandteile auf die Nutzer \u00fcbertragen. Daher und aufgrund der Bestimmungen der nationalen und europ\u00e4ischen Gesetzgebung zum geistigen Eigentum ist die \u00c4nderung, Reproduktion, Vervielf\u00e4ltigung, das Kopieren, der Vertrieb, der Verkauf, der Weiterverkauf und andere Formen der Nutzung des Dienstes und seines Inhalts zu kommerziellen oder gleichwertigen Zwecken verboten.<\/p>\n<p><\/p>\n<p><\/p>\n<p>F\u00fcr jede andere Nutzung der Inhalte des Dienstes ben\u00f6tigen Sie unsere vorherige schriftliche Zustimmung oder ggf. die Zustimmung der Autoren der Inhalte.<\/p>\n<p><\/p>\n<p><\/p>\n<p><strong>11.-<\/strong> <strong>Kekse<\/strong><\/p>\n<p><\/p>\n<p><\/p>\n<p>Sie k\u00f6nnen mehr \u00fcber unsere <strong>Cookie-Richtlinie<\/strong> erfahren<\/p>\n<p><\/p>\n<p><\/p>\n<p><strong>12.- Privatsph\u00e4re und Datenschutz<\/strong><\/p>\n<p><\/p>\n<p><\/p>\n<p>Der Service garantiert den Schutz und die Vertraulichkeit von personenbezogenen Daten jeglicher Art, die uns von unseren Kunden zur Verf\u00fcgung gestellt werden, in \u00dcbereinstimmung mit den Bestimmungen des Organgesetzes 3\/2018 vom 5. Dezember \u00fcber den Schutz personenbezogener Daten und die Gew\u00e4hrleistung digitaler Rechte (LOPDGDD) sowie der Verordnung (EU) 2016\/679 des Europ\u00e4ischen Parlaments und des Rates vom 27. April 2016 zum Schutz nat\u00fcrlicher Personen bei der Verarbeitung personenbezogener Daten und zur Aufhebung der Richtlinie 95\/46\/EG (GDPR).<\/p>\n<p><\/p>\n<p><\/p>\n<p>Sie k\u00f6nnen mehr \u00fcber unsere Datenschutzbestimmungen lesen, indem Sie dem Link folgen.<\/p>\n<p><\/p>\n<p><\/p>\n<p><strong>13.- Gerichtsstand und anwendbares Recht<\/strong><\/p>\n<p><\/p>\n<p><\/p>\n<p>Die Bedingungen f\u00fcr diese Website und alle Beziehungen, die sich daraus ergeben k\u00f6nnen, sind durch spanisches Recht gesch\u00fctzt.<\/p>\n<p><\/p>\n<p><\/p>\n<p>F\u00fcr alle Streitigkeiten, die sich aus dem Zugriff auf oder der Nutzung dieser Website ergeben, sind die Gerichte von Palma de Mallorca zust\u00e4ndig.<\/p>\n<p><\/p>\t\t\t\t\t\t\t\t<\/div>\n\t\t\t\t<\/div>\n\t\t\t\t<\/div>\n\t\t\t\t<\/div>\n\t\t","protected":false},"excerpt":{"rendered":"<p>RECHTLICHER HINWEIS Zuletzt aktualisiert: 25 September 2024 1. die Eigent\u00fcmerschaft der Website In Erf\u00fcllung der Informationspflicht gem\u00e4\u00df Artikel 10 des Gesetzes 34\/2002 \u00fcber die Dienste der Informationsgesellschaft und den elektronischen Handel informieren wir Sie hiermit \u00fcber die Identit\u00e4t und die Kontaktdaten des Inhabers der Website www.joseselles.com. Verantwortlicher f\u00fcr die Datenverarbeitung: JOSEP SELL\u00c9S SALV\u00c1 (im Folgenden [&hellip;]<\/p>\n","protected":false},"author":1,"featured_media":0,"parent":0,"menu_order":0,"comment_status":"closed","ping_status":"closed","template":"","meta":{"_joinchat":[],"footnotes":""},"class_list":["post-2142","page","type-page","status-publish","hentry"],"_links":{"self":[{"href":"https:\/\/joseselles.com\/de\/wp-json\/wp\/v2\/pages\/2142","targetHints":{"allow":["GET"]}}],"collection":[{"href":"https:\/\/joseselles.com\/de\/wp-json\/wp\/v2\/pages"}],"about":[{"href":"https:\/\/joseselles.com\/de\/wp-json\/wp\/v2\/types\/page"}],"author":[{"embeddable":true,"href":"https:\/\/joseselles.com\/de\/wp-json\/wp\/v2\/users\/1"}],"replies":[{"embeddable":true,"href":"https:\/\/joseselles.com\/de\/wp-json\/wp\/v2\/comments?post=2142"}],"version-history":[{"count":14,"href":"https:\/\/joseselles.com\/de\/wp-json\/wp\/v2\/pages\/2142\/revisions"}],"predecessor-version":[{"id":2229,"href":"https:\/\/joseselles.com\/de\/wp-json\/wp\/v2\/pages\/2142\/revisions\/2229"}],"wp:attachment":[{"href":"https:\/\/joseselles.com\/de\/wp-json\/wp\/v2\/media?parent=2142"}],"curies":[{"name":"wp","href":"https:\/\/api.w.org\/{rel}","templated":true}]}}